{"id":1438,"date":"2025-04-02T10:10:34","date_gmt":"2025-04-02T10:10:34","guid":{"rendered":"https:\/\/www.caroimport.com\/?page_id=1438"},"modified":"2025-04-02T10:13:32","modified_gmt":"2025-04-02T10:13:32","slug":"politica-de-privacidad","status":"publish","type":"page","link":"https:\/\/www.caroimport.com\/en\/politica-de-privacidad\/","title":{"rendered":"Pol\u00edtica de privacidad"},"content":{"rendered":"<h2 class=\"wp-block-heading\">Privacy policy<\/h2>\n\n\n\n<p><\/p>\n\n\n\n<p>The use of this website and its forms requires the acceptance of the processing of user data in accordance with this privacy policy, including the collection of access data and the sending of commercial information by electronic means.<\/p>\n\n\n\n<p>Data Controller and contact information<\/p>\n\n\n\n<p>The person responsible is: CARO IMPORT, S.L.<\/p>\n\n\n\n<p>Address: POL. IND. CAN MET SIDRO, C\/CAN ILLA, S\/N 08530 LA GARRIGA<\/p>\n\n\n\n<p>Contact details of the person in charge: 93 871 84 03 email comercial@caroimport.com<\/p>\n\n\n\n<p>Contact details of the data protection officer: POL. IND. CAN MET SIDRO, C\/CAN ILLA, S\/N 08530 LA GARRIGA<\/p>\n\n\n\n<p>Purpose of data processing<\/p>\n\n\n\n<p>The data is processed for the purpose of providing access to the online content of the website and to respond to requests from users of the website, to keep a record of visits (IP addresses, browser data, country, page accessed, etc.) for statistical purposes, to implement measures aimed at website security and, where appropriate, to send you commercial information about our products and services by electronic means.<\/p>\n\n\n\n<p>If you fill in any of the forms, it will be necessary to provide certain personal data, which will be processed for the purpose for which they are requested.<\/p>\n\n\n\n<p>Legitimation<\/p>\n\n\n\n<p>The data is processed on the basis of the user's consent, fulfilment of legal obligations, if necessary for the execution of a contract or pre-contract.<\/p>\n\n\n\n<p>Recipients and transfers<\/p>\n\n\n\n<p>Addressees: CARO IMPORT, S.L. and group companies.<\/p>\n\n\n\n<p>International transfer (outside the European Economic Area) is not foreseen, except for storage purposes, and in any case on the basis of the existence of an adequacy decision or on the basis of the existence of adequate safeguards.<\/p>\n\n\n\n<p><\/p>","protected":false},"excerpt":{"rendered":"<p>Pol\u00edtica de pivacidad La utilizaci\u00f3n de esta web y de sus formularios requiere la aceptaci\u00f3n del tratamiento de los datos del usuario conforme a esta pol\u00edtica de privacidad, incluyendo la recopilaci\u00f3n de datos de acceso y el env\u00edo de informaci\u00f3n comercial por v\u00eda electr\u00f3nica. Responsable del tratamiento de los datos e informaci\u00f3n de contacto El [&hellip;]<\/p>\n","protected":false},"author":2,"featured_media":0,"parent":0,"menu_order":0,"comment_status":"closed","ping_status":"closed","template":"","meta":{"footnotes":""},"class_list":["post-1438","page","type-page","status-publish","hentry"],"_links":{"self":[{"href":"https:\/\/www.caroimport.com\/en\/wp-json\/wp\/v2\/pages\/1438","targetHints":{"allow":["GET"]}}],"collection":[{"href":"https:\/\/www.caroimport.com\/en\/wp-json\/wp\/v2\/pages"}],"about":[{"href":"https:\/\/www.caroimport.com\/en\/wp-json\/wp\/v2\/types\/page"}],"author":[{"embeddable":true,"href":"https:\/\/www.caroimport.com\/en\/wp-json\/wp\/v2\/users\/2"}],"replies":[{"embeddable":true,"href":"https:\/\/www.caroimport.com\/en\/wp-json\/wp\/v2\/comments?post=1438"}],"version-history":[{"count":3,"href":"https:\/\/www.caroimport.com\/en\/wp-json\/wp\/v2\/pages\/1438\/revisions"}],"predecessor-version":[{"id":1441,"href":"https:\/\/www.caroimport.com\/en\/wp-json\/wp\/v2\/pages\/1438\/revisions\/1441"}],"wp:attachment":[{"href":"https:\/\/www.caroimport.com\/en\/wp-json\/wp\/v2\/media?parent=1438"}],"curies":[{"name":"wp","href":"https:\/\/api.w.org\/{rel}","templated":true}]}}