{"id":890,"date":"2020-07-02T11:56:14","date_gmt":"2020-07-02T11:56:14","guid":{"rendered":"https:\/\/www.caroimport.com\/?page_id=890"},"modified":"2020-07-06T08:05:35","modified_gmt":"2020-07-06T08:05:35","slug":"politica-de-calidad","status":"publish","type":"page","link":"https:\/\/www.caroimport.com\/en\/politica-de-calidad\/","title":{"rendered":"Pol\u00edtica de calidad"},"content":{"rendered":"<p>La Direcci\u00f3n de Caro Import S.L. en su planta de M\u00e1rdel, manifiesta que constituye su voluntad empresarial y objetivo prioritario prestar la m\u00e1xima atenci\u00f3n en cada una de las actividades que ejecutamos, en cada decisi\u00f3n que adoptamos y en cada acci\u00f3n que realizamos en aras de mantener la inocuidad de nuestros productos.<\/p>\n\n\n\n<p>Conscientes de la importancia de la salud de los consumidores, Caro Import S.L. se compromete a:<\/p>\n\n\n\n<ul class=\"wp-block-list\"><li>Cumplir con la legislaci\u00f3n vigente en cada pa\u00eds donde vendemos nuestro dulce de leche, sus reglamentaciones y los acuerdos voluntarios con nuestros clientes, procurando adaptar nuestros productos a las necesidades y los gustos de una sociedad en continua evoluci\u00f3n.<\/li><\/ul>\n\n\n\n<ul class=\"wp-block-list\"><li>Desarrollar un Sistema de Gesti\u00f3n de la Inocuidad de los Alimentos con objetivos y metas definidas, fomentando la inocuidad de los alimentos en todo momento, asegurado tambi\u00e9n la calidad del duce de leche que llegan a nuestros clientes manteniendo las tradicionales recetas y con el uso de materias primas de excelente calidad.<\/li><\/ul>\n\n\n\n<ul class=\"wp-block-list\"><li>Hacer revisiones peri\u00f3dicas del Sistema de Gesti\u00f3n de la Inocuidad de los Alimentos para asegurar su vigencia, adecuaci\u00f3n y eficacia en relaci\u00f3n a los objetivos planteados por la empresa buscando el perfeccionamiento contin\u00fao.<\/li><\/ul>\n\n\n\n<ul class=\"wp-block-list\"><li>Fomentar los procesos y tecnolog\u00edas apropiadas y econ\u00f3micamente viables para incentivar las acciones promotoras de prevenci\u00f3n de situaciones que puedan afectar a la inocuidad del producto con inversiones tecnol\u00f3gicas que permiten aumentar la productividad y la calidad del dulce, as\u00ed como buscando las mejoras medio ambientales que garanticen un futuro mejor para las siguientes generaciones.<\/li><\/ul>\n\n\n\n<ul class=\"wp-block-list\"><li>Incorporar a nuestros trabajadores al cumplimiento de los objetivos y metas establecidas, mediante una formaci\u00f3n continua en temas relacionados con la inocuidad del producto, haci\u00e9ndolos participes del esp\u00edritu de la Norma y buscando su mejor integraci\u00f3n en los valores de la compa\u00f1\u00eda.<\/li><\/ul>\n\n\n\n<p>La Direcci\u00f3n se compromete a divulgar nuestra pol\u00edtica a todos los niveles de la organizaci\u00f3n, proveedores y terceros que tengan relaci\u00f3n con Caro Import, con el compromiso de cumplir con las l\u00edneas establecidas.<\/p>\n\n\n\n<p><em>Caro Import SL board of direction, in their M\u00e1rdel factory, states that it is within the company\u2019s goals, and an imperative objective, to pay maximum attention to all the activities we carry out, in every decision we make and in every action we perform, to ensure the innocuousness of our products.<\/em><\/p>\n\n\n\n<p><em>Bearing in mind the importance of the consumers\u2019 health, Caro Import S.L. commits to:<\/em><\/p>\n\n\n\n<ul class=\"wp-block-list\"><li><em>Following and complying with all the legislation in force in every country where we sell our products, their regulations and the voluntary agreements we have established with our customers, doing our best to adapt our products to the needs and preferences of a society in continuous evolution.<\/em><\/li><\/ul>\n\n\n\n<ul class=\"wp-block-list\"><li><em>Developing a Food Innocuousness Management System with defined objectives and goals, promoting food innocuousness at all times, also ensuring the quality of the dulce de leche that reaches our customers, keeping our traditional recipes and using top quality raw materials.<\/em><\/li><\/ul>\n\n\n\n<ul class=\"wp-block-list\"><li><em>Carrying out a periodical revision of the Food Innocuousness Management System to ensure its relevancy, adequacy and efficacy, to achieve the goals set by the company, always focused on continuous improvement.<\/em><\/li><\/ul>\n\n\n\n<ul class=\"wp-block-list\"><li><em>Promoting appropriate sustainable processes and technologies to encourage the prevention of any situation that may affect the innocuousness of the product by investing in technologies aimed at productivity and quality enhancement, as well as pursuing the environmental improvements that will guarantee a better future for the next generations.<\/em><\/li><\/ul>\n\n\n\n<ul class=\"wp-block-list\"><li><em>Incorporating our employees to the task of achieving these objectives and goals, by providing a continuous training about product innocuousness related topics, making them become involved with the ideal of this regulation and aiming at their best integration with the values of the company.<\/em><\/li><\/ul>\n\n\n\n<p><em>It is the board\u2019s commitment to spread our policy throughout all the levels of the organization, including suppliers and third parties related to Caro Import, with the main goal of following the established lines.<\/em><\/p>","protected":false},"excerpt":{"rendered":"<p>La Direcci\u00f3n de Caro Import S.L. en su planta de M\u00e1rdel, manifiesta que constituye su voluntad empresarial y objetivo prioritario prestar la m\u00e1xima atenci\u00f3n en cada una de las actividades que ejecutamos, en cada decisi\u00f3n que adoptamos y en cada acci\u00f3n que realizamos en aras de mantener la inocuidad de nuestros productos. Conscientes de la [&hellip;]<\/p>\n","protected":false},"author":2,"featured_media":0,"parent":0,"menu_order":0,"comment_status":"closed","ping_status":"closed","template":"","meta":{"footnotes":""},"class_list":["post-890","page","type-page","status-publish","hentry"],"_links":{"self":[{"href":"https:\/\/www.caroimport.com\/en\/wp-json\/wp\/v2\/pages\/890","targetHints":{"allow":["GET"]}}],"collection":[{"href":"https:\/\/www.caroimport.com\/en\/wp-json\/wp\/v2\/pages"}],"about":[{"href":"https:\/\/www.caroimport.com\/en\/wp-json\/wp\/v2\/types\/page"}],"author":[{"embeddable":true,"href":"https:\/\/www.caroimport.com\/en\/wp-json\/wp\/v2\/users\/2"}],"replies":[{"embeddable":true,"href":"https:\/\/www.caroimport.com\/en\/wp-json\/wp\/v2\/comments?post=890"}],"version-history":[{"count":2,"href":"https:\/\/www.caroimport.com\/en\/wp-json\/wp\/v2\/pages\/890\/revisions"}],"predecessor-version":[{"id":893,"href":"https:\/\/www.caroimport.com\/en\/wp-json\/wp\/v2\/pages\/890\/revisions\/893"}],"wp:attachment":[{"href":"https:\/\/www.caroimport.com\/en\/wp-json\/wp\/v2\/media?parent=890"}],"curies":[{"name":"wp","href":"https:\/\/api.w.org\/{rel}","templated":true}]}}