{"id":1438,"date":"2025-04-02T10:10:34","date_gmt":"2025-04-02T10:10:34","guid":{"rendered":"https:\/\/www.caroimport.com\/?page_id=1438"},"modified":"2025-04-02T10:13:32","modified_gmt":"2025-04-02T10:13:32","slug":"politica-de-privacidad","status":"publish","type":"page","link":"https:\/\/www.caroimport.com\/es\/politica-de-privacidad\/","title":{"rendered":"Pol\u00edtica de privacidad"},"content":{"rendered":"\n<h2 class=\"wp-block-heading\">Pol\u00edtica de pivacidad<\/h2>\n\n\n\n<p><\/p>\n\n\n\n<p>La utilizaci\u00f3n de esta web y de sus formularios requiere la aceptaci\u00f3n del tratamiento de los datos del usuario conforme a esta pol\u00edtica de privacidad, incluyendo la recopilaci\u00f3n de datos de acceso y el env\u00edo de informaci\u00f3n comercial por v\u00eda electr\u00f3nica.<\/p>\n\n\n\n<p>Responsable del tratamiento de los datos e informaci\u00f3n de contacto<\/p>\n\n\n\n<p>El responsable es: CARO IMPORT, S.L.<\/p>\n\n\n\n<p>Direcci\u00f3n: POL. IND. CAN MET SIDRO, C\/CAN ILLA, S\/N 08530 LA GARRIGA<\/p>\n\n\n\n<p>Datos de contacto del responsable: 93 871 84 03&nbsp;&nbsp;&nbsp; email comercial@caroimport.com<\/p>\n\n\n\n<p>Datos de contacto del delegado de protecci\u00f3n de datos: POL. IND. CAN MET SIDRO, C\/CAN ILLA, S\/N 08530 LA GARRIGA<\/p>\n\n\n\n<p>Finalidad del tratamiento de los datos<\/p>\n\n\n\n<p>Los datos se tratan con el objetivo de proporcionar&nbsp; acceso a los contenidos en l\u00ednea de la web as\u00ed como atender las solicitudes de los usuarios de la web, llevar un registro de visitas (direcciones IP, datos del navegador, pa\u00eds, p\u00e1gina accedida, etc) a efectos estad\u00edsticos, aplicar medidas encaminadas a la seguridad de la web, as\u00ed como en su caso enviarle por medios electr\u00f3nicos informaci\u00f3n comercial sobre nuestros productos y servicios.<\/p>\n\n\n\n<p>En caso de cumplimentar alguno de los formularios ser\u00e1 necesario facilitar determinados datos personales, los cuales se tratar\u00e1n para la finalidad para la que se solicitan.<\/p>\n\n\n\n<p>Legitimaci\u00f3n<\/p>\n\n\n\n<p>Los datos se tratan en base al consentimiento del usuario, cumplimiento de obligaciones legales, en su caso para la ejecuci\u00f3n de un contrato o precontrato.<\/p>\n\n\n\n<p>Destinatarios y transferencias<\/p>\n\n\n\n<p>Destinatarios: CARO IMPORT, S.L. y empresas del grupo.<\/p>\n\n\n\n<p>No se prev\u00e9 la transferencia internacional (fuera del Espacio Econ\u00f3mico Europeo), salvo con fines de almacenamiento, y en todo caso en base a la existencia de una decisi\u00f3n de adecuaci\u00f3n o en base a la existencia de garant\u00edas adecuadas.des.<\/p>\n\n\n\n<p><\/p>\n","protected":false},"excerpt":{"rendered":"<p>Pol\u00edtica de pivacidad La utilizaci\u00f3n de esta web y de sus formularios requiere la aceptaci\u00f3n del tratamiento de los datos del usuario conforme a esta pol\u00edtica de privacidad, incluyendo la recopilaci\u00f3n de datos de acceso y el env\u00edo de informaci\u00f3n comercial por v\u00eda electr\u00f3nica. Responsable del tratamiento de los datos e informaci\u00f3n de contacto El [&hellip;]<\/p>\n","protected":false},"author":2,"featured_media":0,"parent":0,"menu_order":0,"comment_status":"closed","ping_status":"closed","template":"","meta":{"footnotes":""},"class_list":["post-1438","page","type-page","status-publish","hentry"],"_links":{"self":[{"href":"https:\/\/www.caroimport.com\/es\/wp-json\/wp\/v2\/pages\/1438","targetHints":{"allow":["GET"]}}],"collection":[{"href":"https:\/\/www.caroimport.com\/es\/wp-json\/wp\/v2\/pages"}],"about":[{"href":"https:\/\/www.caroimport.com\/es\/wp-json\/wp\/v2\/types\/page"}],"author":[{"embeddable":true,"href":"https:\/\/www.caroimport.com\/es\/wp-json\/wp\/v2\/users\/2"}],"replies":[{"embeddable":true,"href":"https:\/\/www.caroimport.com\/es\/wp-json\/wp\/v2\/comments?post=1438"}],"version-history":[{"count":3,"href":"https:\/\/www.caroimport.com\/es\/wp-json\/wp\/v2\/pages\/1438\/revisions"}],"predecessor-version":[{"id":1441,"href":"https:\/\/www.caroimport.com\/es\/wp-json\/wp\/v2\/pages\/1438\/revisions\/1441"}],"wp:attachment":[{"href":"https:\/\/www.caroimport.com\/es\/wp-json\/wp\/v2\/media?parent=1438"}],"curies":[{"name":"wp","href":"https:\/\/api.w.org\/{rel}","templated":true}]}}